{"id":6,"date":"2020-12-18T18:26:11","date_gmt":"2020-12-18T17:26:11","guid":{"rendered":"https:\/\/www.dagyn.sk\/?page_id=6"},"modified":"2020-12-20T20:26:01","modified_gmt":"2020-12-20T19:26:01","slug":"uvodna-stranka","status":"publish","type":"page","link":"https:\/\/www.dagyn.sk\/","title":{"rendered":"Nadpis"},"content":{"rendered":"\n<div style=\"height:100px\" aria-hidden=\"true\" class=\"wp-block-spacer\"><\/div>\n\n\n\n<h1 class=\"has-text-align-center wp-block-heading\">Ordina\u010dn\u00e9 hodiny<\/h1>\n\n\n\n<p> <\/p>\n\n\n\n<div class=\"wp-block-group\"><div class=\"wp-block-group__inner-container is-layout-flow wp-block-group-is-layout-flow\">\n<p class=\"has-text-align-center\">Pondelok:  <strong>07:00 &#8211; 16:00<\/strong><\/p>\n\n\n\n<p class=\"has-text-align-center\">Utorok:   <strong>07:00 &#8211; 14:00<\/strong><\/p>\n\n\n\n<p class=\"has-text-align-center\">Streda:   <strong>07:00 &#8211; 14:00<\/strong><\/p>\n\n\n\n<p class=\"has-text-align-center\">\u0160tvrtok:   <strong>07:00 &#8211; 16:00<\/strong><\/p>\n\n\n\n<p class=\"has-text-align-center\">Piatok:   <strong>neordinujeme<\/strong><\/p>\n<\/div><\/div>\n\n\n\n<div class=\"wp-block-group\"><div class=\"wp-block-group__inner-container is-layout-flow wp-block-group-is-layout-flow\">\n<div style=\"height:100px\" aria-hidden=\"true\" class=\"wp-block-spacer\"><\/div>\n<\/div><\/div>\n\n\n\n<p><\/p>\n","protected":false},"excerpt":{"rendered":"<p>Ordina\u010dn\u00e9 hodiny Pondelok: 07:00 &#8211; 16:00 Utorok: 07:00 &#8211; 14:00 Streda: 07:00 &#8211; 14:00 \u0160tvrtok: 07:00 &#8211; 16:00 Piatok: neordinujeme<\/p>\n","protected":false},"author":1,"featured_media":180,"parent":0,"menu_order":0,"comment_status":"closed","ping_status":"closed","template":"","meta":{"footnotes":""},"class_list":["post-6","page","type-page","status-publish","has-post-thumbnail","hentry"],"_links":{"self":[{"href":"https:\/\/www.dagyn.sk\/index.php\/wp-json\/wp\/v2\/pages\/6"}],"collection":[{"href":"https:\/\/www.dagyn.sk\/index.php\/wp-json\/wp\/v2\/pages"}],"about":[{"href":"https:\/\/www.dagyn.sk\/index.php\/wp-json\/wp\/v2\/types\/page"}],"author":[{"embeddable":true,"href":"https:\/\/www.dagyn.sk\/index.php\/wp-json\/wp\/v2\/users\/1"}],"replies":[{"embeddable":true,"href":"https:\/\/www.dagyn.sk\/index.php\/wp-json\/wp\/v2\/comments?post=6"}],"version-history":[{"count":26,"href":"https:\/\/www.dagyn.sk\/index.php\/wp-json\/wp\/v2\/pages\/6\/revisions"}],"predecessor-version":[{"id":160,"href":"https:\/\/www.dagyn.sk\/index.php\/wp-json\/wp\/v2\/pages\/6\/revisions\/160"}],"wp:featuredmedia":[{"embeddable":true,"href":"https:\/\/www.dagyn.sk\/index.php\/wp-json\/wp\/v2\/media\/180"}],"wp:attachment":[{"href":"https:\/\/www.dagyn.sk\/index.php\/wp-json\/wp\/v2\/media?parent=6"}],"curies":[{"name":"wp","href":"https:\/\/api.w.org\/{rel}","templated":true}]}}